{"id":642,"date":"2019-10-29T21:08:34","date_gmt":"2019-10-29T20:08:34","guid":{"rendered":"http:\/mpk_site\/serwer1977636.home.pl\/?page_id=642"},"modified":"2020-02-18T18:24:34","modified_gmt":"2020-02-18T17:24:34","slug":"rok-2017","status":"publish","type":"page","link":"https:\/\/www.mpk.swidnica.pl\/index.php\/rok-2017\/","title":{"rendered":"Rok 2017"},"content":{"rendered":"\t\t<div data-elementor-type=\"wp-post\" data-elementor-id=\"642\" class=\"elementor elementor-642\" data-elementor-settings=\"[]\">\n\t\t\t\t\t\t<div class=\"elementor-inner\">\n\t\t\t\t\t\t\t<div class=\"elementor-section-wrap\">\n\t\t\t\t\t\t\t<section class=\"elementor-section elementor-top-section elementor-element elementor-element-3d4b4b4 elementor-section-boxed elementor-section-height-default elementor-section-height-default\" data-id=\"3d4b4b4\" data-element_type=\"section\">\n\t\t\t\t\t\t<div class=\"elementor-container elementor-column-gap-default\">\n\t\t\t\t\t\t\t<div class=\"elementor-row\">\n\t\t\t\t\t<div class=\"elementor-column elementor-col-100 elementor-top-column elementor-element elementor-element-cb30d69\" data-id=\"cb30d69\" data-element_type=\"column\">\n\t\t\t<div class=\"elementor-column-wrap elementor-element-populated\">\n\t\t\t\t\t\t\t<div class=\"elementor-widget-wrap\">\n\t\t\t\t\t\t<div class=\"elementor-element elementor-element-9db900d elementor-widget elementor-widget-text-editor\" data-id=\"9db900d\" data-element_type=\"widget\" data-widget_type=\"text-editor.default\">\n\t\t\t\t<div class=\"elementor-widget-container\">\n\t\t\t\t\t<div class=\"elementor-text-editor elementor-clearfix\"><div class=\"page-header subpage-header\"><h1>Rok 2017<\/h1><\/div><div class=\"Text\"><p>Szanowni Pa\u0144stwo MPK w \u015awidnicy zaprasza do sk\u0142adania ofert na przedstawione poni\u017cej zadania, zwi\u0105zane z dostawami, modernizacjami oraz zakupami prowadzonymi przez sp\u00f3\u0142k\u0119.<\/p><table id=\"kontaktTable\" border=\"1\" cellspacing=\"0\" cellpadding=\"0\" align=\"center\"><caption>\u00a0<\/caption><tbody><tr><th><p>Data og\u0142oszenia<\/p><\/th><th><p>Nazwa Zadania<\/p><\/th><th><p>Pliki do pobrania<\/p><\/th><th><p>Rozstrzygni\u0119cie<\/p><\/th><\/tr><tr><td>05-01-2017<\/td><td>Przetarg na sprz\u0105tanie<\/td><td>\u00a0\u00a0<a href=\"http:\/mpk_site\/www.mpk.swidnica.pl\/news\/168-przetarg-na-sprzatanie\/\">PLIKI<\/a><\/td><td><a href=\"http:\/mpk_site\/www.mpk.swidnica.pl\/news\/173-sprzatanie-wyniki\/\">\u00a0TAK<\/a><\/td><\/tr><tr><td><p>07-06-2017<\/p><\/td><td>Przetarg opony<\/td><td><a href=\"http:\/mpk_site\/www.mpk.swidnica.pl\/news\/194-przetarg-na-opony\/\">PLIKI<\/a><\/td><td><a href=\"http:\/mpk_site\/www.mpk.swidnica.pl\/news\/197-przetarg-na-opony-rozstrzygniecie\/\">TAK<\/a><\/td><\/tr><\/tbody><\/table><\/div><\/div>\n\t\t\t\t<\/div>\n\t\t\t\t<\/div>\n\t\t\t\t\t\t<\/div>\n\t\t\t\t\t<\/div>\n\t\t<\/div>\n\t\t\t\t\t\t\t\t<\/div>\n\t\t\t\t\t<\/div>\n\t\t<\/section>\n\t\t\t\t\t\t<\/div>\n\t\t\t\t\t\t<\/div>\n\t\t\t\t\t<\/div>\n\t\t","protected":false},"excerpt":{"rendered":"<p>Rok 2017 Szanowni Pa\u0144stwo MPK w \u015awidnicy zaprasza do sk\u0142adania ofert na przedstawione poni\u017cej zadania, zwi\u0105zane z dostawami, modernizacjami oraz zakupami prowadzonymi przez sp\u00f3\u0142k\u0119. \u00a0 Data og\u0142oszenia Nazwa Zadania Pliki do pobrania Rozstrzygni\u0119cie 05-01-2017 Przetarg na sprz\u0105tanie \u00a0\u00a0PLIKI \u00a0TAK 07-06-2017 Przetarg opony PLIKI TAK<\/p>\n","protected":false},"author":1,"featured_media":0,"parent":0,"menu_order":0,"comment_status":"closed","ping_status":"closed","template":"","meta":[],"_links":{"self":[{"href":"https:\/\/www.mpk.swidnica.pl\/index.php\/wp-json\/wp\/v2\/pages\/642"}],"collection":[{"href":"https:\/\/www.mpk.swidnica.pl\/index.php\/wp-json\/wp\/v2\/pages"}],"about":[{"href":"https:\/\/www.mpk.swidnica.pl\/index.php\/wp-json\/wp\/v2\/types\/page"}],"author":[{"embeddable":true,"href":"https:\/\/www.mpk.swidnica.pl\/index.php\/wp-json\/wp\/v2\/users\/1"}],"replies":[{"embeddable":true,"href":"https:\/\/www.mpk.swidnica.pl\/index.php\/wp-json\/wp\/v2\/comments?post=642"}],"version-history":[{"count":3,"href":"https:\/\/www.mpk.swidnica.pl\/index.php\/wp-json\/wp\/v2\/pages\/642\/revisions"}],"predecessor-version":[{"id":1209,"href":"https:\/\/www.mpk.swidnica.pl\/index.php\/wp-json\/wp\/v2\/pages\/642\/revisions\/1209"}],"wp:attachment":[{"href":"https:\/\/www.mpk.swidnica.pl\/index.php\/wp-json\/wp\/v2\/media?parent=642"}],"curies":[{"name":"wp","href":"https:\/\/api.w.org\/{rel}","templated":true}]}}