{"id":635,"date":"2019-10-28T19:52:50","date_gmt":"2019-10-28T18:52:50","guid":{"rendered":"http:\/mpk_site\/serwer1977636.home.pl\/?page_id=635"},"modified":"2019-10-28T19:54:13","modified_gmt":"2019-10-28T18:54:13","slug":"monitoring","status":"publish","type":"page","link":"https:\/\/www.mpk.swidnica.pl\/index.php\/rodo\/monitoring\/","title":{"rendered":"Monitoring"},"content":{"rendered":"\t\t<div data-elementor-type=\"wp-post\" data-elementor-id=\"635\" class=\"elementor elementor-635\" data-elementor-settings=\"[]\">\n\t\t\t\t\t\t<div class=\"elementor-inner\">\n\t\t\t\t\t\t\t<div class=\"elementor-section-wrap\">\n\t\t\t\t\t\t\t<section class=\"elementor-section elementor-top-section elementor-element elementor-element-c582c5b elementor-section-boxed elementor-section-height-default elementor-section-height-default\" data-id=\"c582c5b\" data-element_type=\"section\">\n\t\t\t\t\t\t<div class=\"elementor-container elementor-column-gap-default\">\n\t\t\t\t\t\t\t<div class=\"elementor-row\">\n\t\t\t\t\t<div class=\"elementor-column elementor-col-100 elementor-top-column elementor-element elementor-element-fc3e2dd\" data-id=\"fc3e2dd\" data-element_type=\"column\">\n\t\t\t<div class=\"elementor-column-wrap elementor-element-populated\">\n\t\t\t\t\t\t\t<div class=\"elementor-widget-wrap\">\n\t\t\t\t\t\t<div class=\"elementor-element elementor-element-9baceb4 elementor-widget elementor-widget-text-editor\" data-id=\"9baceb4\" data-element_type=\"widget\" data-widget_type=\"text-editor.default\">\n\t\t\t\t<div class=\"elementor-widget-container\">\n\t\t\t\t\t<div class=\"elementor-text-editor elementor-clearfix\"><p>Monitoring<br \/>1. Monitoring stosowany jest w autobusach w celu zapewnienia bezpiecze\u0144stwa i ochrony mienia.<br \/>2. Administratorem danych osobowych jest Miejskie Przedsi\u0119biorstwo Komunikacyjne \u201c\u015awidnica\u201d Sp. z o.o. z siedzib\u0105 w \u015awidnicy ul. In\u017cynierska 6 <br \/>3. Dane kontaktowe do administratora danych: sekretariat@mpk-swidnica.home.pl<\/p><\/div>\n\t\t\t\t<\/div>\n\t\t\t\t<\/div>\n\t\t\t\t\t\t<\/div>\n\t\t\t\t\t<\/div>\n\t\t<\/div>\n\t\t\t\t\t\t\t\t<\/div>\n\t\t\t\t\t<\/div>\n\t\t<\/section>\n\t\t\t\t\t\t<\/div>\n\t\t\t\t\t\t<\/div>\n\t\t\t\t\t<\/div>\n\t\t","protected":false},"excerpt":{"rendered":"<p>Monitoring1. Monitoring stosowany jest w autobusach w celu zapewnienia bezpiecze\u0144stwa i ochrony mienia.2. Administratorem danych osobowych jest Miejskie Przedsi\u0119biorstwo Komunikacyjne \u201c\u015awidnica\u201d Sp. z o.o. z siedzib\u0105 w \u015awidnicy ul. In\u017cynierska 6 3. Dane kontaktowe do administratora danych: sekretariat@mpk-swidnica.home.pl<\/p>\n","protected":false},"author":1,"featured_media":0,"parent":625,"menu_order":0,"comment_status":"closed","ping_status":"closed","template":"","meta":[],"_links":{"self":[{"href":"https:\/\/www.mpk.swidnica.pl\/index.php\/wp-json\/wp\/v2\/pages\/635"}],"collection":[{"href":"https:\/\/www.mpk.swidnica.pl\/index.php\/wp-json\/wp\/v2\/pages"}],"about":[{"href":"https:\/\/www.mpk.swidnica.pl\/index.php\/wp-json\/wp\/v2\/types\/page"}],"author":[{"embeddable":true,"href":"https:\/\/www.mpk.swidnica.pl\/index.php\/wp-json\/wp\/v2\/users\/1"}],"replies":[{"embeddable":true,"href":"https:\/\/www.mpk.swidnica.pl\/index.php\/wp-json\/wp\/v2\/comments?post=635"}],"version-history":[{"count":2,"href":"https:\/\/www.mpk.swidnica.pl\/index.php\/wp-json\/wp\/v2\/pages\/635\/revisions"}],"predecessor-version":[{"id":637,"href":"https:\/\/www.mpk.swidnica.pl\/index.php\/wp-json\/wp\/v2\/pages\/635\/revisions\/637"}],"up":[{"embeddable":true,"href":"https:\/\/www.mpk.swidnica.pl\/index.php\/wp-json\/wp\/v2\/pages\/625"}],"wp:attachment":[{"href":"https:\/\/www.mpk.swidnica.pl\/index.php\/wp-json\/wp\/v2\/media?parent=635"}],"curies":[{"name":"wp","href":"https:\/\/api.w.org\/{rel}","templated":true}]}}