{"id":597,"date":"2019-10-23T19:50:07","date_gmt":"2019-10-23T17:50:07","guid":{"rendered":"http:\/mpk_site\/serwer1977636.home.pl\/?page_id=597"},"modified":"2019-10-23T19:55:06","modified_gmt":"2019-10-23T17:55:06","slug":"spoleczna-odpowiedzialnosc-biznesu","status":"publish","type":"page","link":"https:\/\/www.mpk.swidnica.pl\/index.php\/spoleczna-odpowiedzialnosc-biznesu\/","title":{"rendered":"Spo\u0142eczna odpowiedzialno\u015b\u0107 biznesu"},"content":{"rendered":"\t\t<div data-elementor-type=\"wp-post\" data-elementor-id=\"597\" class=\"elementor elementor-597\" data-elementor-settings=\"[]\">\n\t\t\t\t\t\t<div class=\"elementor-inner\">\n\t\t\t\t\t\t\t<div class=\"elementor-section-wrap\">\n\t\t\t\t\t\t\t<section class=\"elementor-section elementor-top-section elementor-element elementor-element-3ffb88a elementor-section-boxed elementor-section-height-default elementor-section-height-default\" data-id=\"3ffb88a\" data-element_type=\"section\">\n\t\t\t\t\t\t<div class=\"elementor-container elementor-column-gap-default\">\n\t\t\t\t\t\t\t<div class=\"elementor-row\">\n\t\t\t\t\t<div class=\"elementor-column elementor-col-100 elementor-top-column elementor-element elementor-element-da0b418\" data-id=\"da0b418\" data-element_type=\"column\">\n\t\t\t<div class=\"elementor-column-wrap elementor-element-populated\">\n\t\t\t\t\t\t\t<div class=\"elementor-widget-wrap\">\n\t\t\t\t\t\t<div class=\"elementor-element elementor-element-6abcc91 elementor-widget elementor-widget-text-editor\" data-id=\"6abcc91\" data-element_type=\"widget\" data-widget_type=\"text-editor.default\">\n\t\t\t\t<div class=\"elementor-widget-container\">\n\t\t\t\t\t<div class=\"elementor-text-editor elementor-clearfix\"><p>Aktywno\u015b\u0107 Sp\u00f3\u0142ki w zakresie spo\u0142ecznej odpowiedzialno\u015bci biznesu pozwala wspiera\u0107 lokalne inicjatywy, stowarzyszenia i kluby sportowe \u2013 logotyp MPK ozdabia dyplom \u015awidnickiego Dyktanda czy pami\u0105tkowy znaczek kurs\u00f3w samoobrony. Mali \u015bwidniczanie z Miasta Dzieci s\u0105 corocznymi go\u015b\u0107mi zajezdni, gdzie poznaj\u0105 tajniki zawodu mechanika czy kontrolera bilet\u00f3w. Nasi pracownicy uczestnicz\u0105 w r\u00f3\u017cnych turniejach sportowych, wraz z rodzinami mog\u0105 korzysta\u0107 z bezp\u0142atnych bilet\u00f3w naszej linii nad Ba\u0142tyk.<\/p><\/div>\n\t\t\t\t<\/div>\n\t\t\t\t<\/div>\n\t\t\t\t\t\t<\/div>\n\t\t\t\t\t<\/div>\n\t\t<\/div>\n\t\t\t\t\t\t\t\t<\/div>\n\t\t\t\t\t<\/div>\n\t\t<\/section>\n\t\t\t\t<section class=\"elementor-section elementor-top-section elementor-element elementor-element-46569d4 elementor-section-boxed elementor-section-height-default elementor-section-height-default\" data-id=\"46569d4\" data-element_type=\"section\">\n\t\t\t\t\t\t<div class=\"elementor-container elementor-column-gap-default\">\n\t\t\t\t\t\t\t<div class=\"elementor-row\">\n\t\t\t\t\t<div class=\"elementor-column elementor-col-100 elementor-top-column elementor-element elementor-element-0971c31\" data-id=\"0971c31\" data-element_type=\"column\">\n\t\t\t<div class=\"elementor-column-wrap elementor-element-populated\">\n\t\t\t\t\t\t\t<div class=\"elementor-widget-wrap\">\n\t\t\t\t\t\t<div class=\"elementor-element elementor-element-089b467 elementor-arrows-position-inside elementor-pagination-position-outside elementor-widget elementor-widget-image-carousel\" data-id=\"089b467\" data-element_type=\"widget\" data-settings=\"{&quot;slides_to_show&quot;:&quot;3&quot;,&quot;slides_to_scroll&quot;:&quot;5&quot;,&quot;navigation&quot;:&quot;both&quot;,&quot;autoplay&quot;:&quot;yes&quot;,&quot;pause_on_hover&quot;:&quot;yes&quot;,&quot;pause_on_interaction&quot;:&quot;yes&quot;,&quot;autoplay_speed&quot;:5000,&quot;infinite&quot;:&quot;yes&quot;,&quot;speed&quot;:500}\" data-widget_type=\"image-carousel.default\">\n\t\t\t\t<div class=\"elementor-widget-container\">\n\t\t\t\t\t<div class=\"elementor-image-carousel-wrapper swiper-container\" dir=\"ltr\">\n\t\t\t<div class=\"elementor-image-carousel swiper-wrapper swiper-image-stretch\">\n\t\t\t\t<div class=\"swiper-slide\"><figure class=\"swiper-slide-inner\"><img decoding=\"async\" class=\"swiper-slide-image\" src=\"https:\/\/www.mpk.swidnica.pl\/wp-content\/uploads\/2019\/10\/email0225-page-002.jpg\" alt=\"email0225-page-002\" \/><\/figure><\/div><div class=\"swiper-slide\"><figure class=\"swiper-slide-inner\"><img decoding=\"async\" class=\"swiper-slide-image\" src=\"https:\/\/www.mpk.swidnica.pl\/wp-content\/uploads\/2019\/10\/email0225-page-001.jpg\" alt=\"email0225-page-001\" \/><\/figure><\/div><div class=\"swiper-slide\"><figure class=\"swiper-slide-inner\"><img decoding=\"async\" class=\"swiper-slide-image\" src=\"https:\/\/www.mpk.swidnica.pl\/wp-content\/uploads\/2019\/10\/email0224-page-009.jpg\" alt=\"email0224-page-009\" \/><\/figure><\/div><div class=\"swiper-slide\"><figure class=\"swiper-slide-inner\"><img decoding=\"async\" class=\"swiper-slide-image\" src=\"https:\/\/www.mpk.swidnica.pl\/wp-content\/uploads\/2019\/10\/email0224-page-008.jpg\" alt=\"email0224-page-008\" \/><\/figure><\/div><div class=\"swiper-slide\"><figure class=\"swiper-slide-inner\"><img decoding=\"async\" class=\"swiper-slide-image\" src=\"https:\/\/www.mpk.swidnica.pl\/wp-content\/uploads\/2019\/10\/email0224-page-007.jpg\" alt=\"email0224-page-007\" \/><\/figure><\/div><div class=\"swiper-slide\"><figure class=\"swiper-slide-inner\"><img decoding=\"async\" class=\"swiper-slide-image\" src=\"https:\/\/www.mpk.swidnica.pl\/wp-content\/uploads\/2019\/10\/email0224-page-006.jpg\" alt=\"email0224-page-006\" \/><\/figure><\/div><div class=\"swiper-slide\"><figure class=\"swiper-slide-inner\"><img decoding=\"async\" class=\"swiper-slide-image\" src=\"https:\/\/www.mpk.swidnica.pl\/wp-content\/uploads\/2019\/10\/Bez-nazwy-2.jpg\" alt=\"Bez nazwy-2\" \/><\/figure><\/div><div class=\"swiper-slide\"><figure class=\"swiper-slide-inner\"><img decoding=\"async\" class=\"swiper-slide-image\" src=\"https:\/\/www.mpk.swidnica.pl\/wp-content\/uploads\/2019\/10\/Bez-nazwy-3.jpg\" alt=\"Bez nazwy-3\" \/><\/figure><\/div><div class=\"swiper-slide\"><figure class=\"swiper-slide-inner\"><img decoding=\"async\" class=\"swiper-slide-image\" src=\"https:\/\/www.mpk.swidnica.pl\/wp-content\/uploads\/2019\/10\/email0224-page-002.jpg\" alt=\"email0224-page-002\" \/><\/figure><\/div><div class=\"swiper-slide\"><figure class=\"swiper-slide-inner\"><img decoding=\"async\" class=\"swiper-slide-image\" src=\"https:\/\/www.mpk.swidnica.pl\/wp-content\/uploads\/2019\/10\/email0224-page-003.jpg\" alt=\"email0224-page-003\" \/><\/figure><\/div><div class=\"swiper-slide\"><figure class=\"swiper-slide-inner\"><img decoding=\"async\" class=\"swiper-slide-image\" src=\"https:\/\/www.mpk.swidnica.pl\/wp-content\/uploads\/2019\/10\/email0224-page-004.jpg\" alt=\"email0224-page-004\" \/><\/figure><\/div>\t\t\t<\/div>\n\t\t\t\t\t\t\t\t\t\t\t\t<div class=\"swiper-pagination\"><\/div>\n\t\t\t\t\t\t\t\t\t\t\t\t\t<div class=\"elementor-swiper-button elementor-swiper-button-prev\">\n\t\t\t\t\t\t<i class=\"eicon-chevron-left\" aria-hidden=\"true\"><\/i>\n\t\t\t\t\t\t<span class=\"elementor-screen-only\">Previous<\/span>\n\t\t\t\t\t<\/div>\n\t\t\t\t\t<div class=\"elementor-swiper-button elementor-swiper-button-next\">\n\t\t\t\t\t\t<i class=\"eicon-chevron-right\" aria-hidden=\"true\"><\/i>\n\t\t\t\t\t\t<span class=\"elementor-screen-only\">Next<\/span>\n\t\t\t\t\t<\/div>\n\t\t\t\t\t\t\t\t\t<\/div>\n\t\t\t\t<\/div>\n\t\t\t\t<\/div>\n\t\t\t\t\t\t<\/div>\n\t\t\t\t\t<\/div>\n\t\t<\/div>\n\t\t\t\t\t\t\t\t<\/div>\n\t\t\t\t\t<\/div>\n\t\t<\/section>\n\t\t\t\t\t\t<\/div>\n\t\t\t\t\t\t<\/div>\n\t\t\t\t\t<\/div>\n\t\t","protected":false},"excerpt":{"rendered":"<p>Aktywno\u015b\u0107 Sp\u00f3\u0142ki w zakresie spo\u0142ecznej odpowiedzialno\u015bci biznesu pozwala wspiera\u0107 lokalne inicjatywy, stowarzyszenia i kluby sportowe \u2013 logotyp MPK ozdabia dyplom \u015awidnickiego Dyktanda czy pami\u0105tkowy znaczek kurs\u00f3w samoobrony. Mali \u015bwidniczanie z Miasta Dzieci s\u0105 corocznymi go\u015b\u0107mi zajezdni, gdzie poznaj\u0105 tajniki zawodu mechanika czy kontrolera bilet\u00f3w. Nasi pracownicy uczestnicz\u0105 w r\u00f3\u017cnych turniejach sportowych, wraz z rodzinami mog\u0105 [&hellip;]<\/p>\n","protected":false},"author":1,"featured_media":0,"parent":0,"menu_order":0,"comment_status":"closed","ping_status":"closed","template":"","meta":[],"_links":{"self":[{"href":"https:\/\/www.mpk.swidnica.pl\/index.php\/wp-json\/wp\/v2\/pages\/597"}],"collection":[{"href":"https:\/\/www.mpk.swidnica.pl\/index.php\/wp-json\/wp\/v2\/pages"}],"about":[{"href":"https:\/\/www.mpk.swidnica.pl\/index.php\/wp-json\/wp\/v2\/types\/page"}],"author":[{"embeddable":true,"href":"https:\/\/www.mpk.swidnica.pl\/index.php\/wp-json\/wp\/v2\/users\/1"}],"replies":[{"embeddable":true,"href":"https:\/\/www.mpk.swidnica.pl\/index.php\/wp-json\/wp\/v2\/comments?post=597"}],"version-history":[{"count":2,"href":"https:\/\/www.mpk.swidnica.pl\/index.php\/wp-json\/wp\/v2\/pages\/597\/revisions"}],"predecessor-version":[{"id":612,"href":"https:\/\/www.mpk.swidnica.pl\/index.php\/wp-json\/wp\/v2\/pages\/597\/revisions\/612"}],"wp:attachment":[{"href":"https:\/\/www.mpk.swidnica.pl\/index.php\/wp-json\/wp\/v2\/media?parent=597"}],"curies":[{"name":"wp","href":"https:\/\/api.w.org\/{rel}","templated":true}]}}