{"id":289,"date":"2019-09-01T19:29:54","date_gmt":"2019-09-01T17:29:54","guid":{"rendered":"http:\/mpk_site\/serwer1977636.home.pl\/?page_id=289"},"modified":"2025-11-19T10:51:44","modified_gmt":"2025-11-19T09:51:44","slug":"przepisy-komunikacyjne","status":"publish","type":"page","link":"https:\/\/www.mpk.swidnica.pl\/index.php\/przepisy-komunikacyjne\/","title":{"rendered":"Przepisy komunikacyjne"},"content":{"rendered":"\t\t<div data-elementor-type=\"wp-post\" data-elementor-id=\"289\" class=\"elementor elementor-289\" data-elementor-settings=\"[]\">\n\t\t\t\t\t\t<div class=\"elementor-inner\">\n\t\t\t\t\t\t\t<div class=\"elementor-section-wrap\">\n\t\t\t\t\t\t\t<section class=\"elementor-section elementor-top-section elementor-element elementor-element-abd74d8 elementor-section-stretched elementor-section-boxed elementor-section-height-default elementor-section-height-default\" data-id=\"abd74d8\" data-element_type=\"section\" data-settings=\"{&quot;stretch_section&quot;:&quot;section-stretched&quot;}\">\n\t\t\t\t\t\t<div class=\"elementor-container elementor-column-gap-default\">\n\t\t\t\t\t\t\t<div class=\"elementor-row\">\n\t\t\t\t\t<div class=\"elementor-column elementor-col-100 elementor-top-column elementor-element elementor-element-a981b29\" data-id=\"a981b29\" data-element_type=\"column\">\n\t\t\t<div class=\"elementor-column-wrap\">\n\t\t\t\t\t\t\t<div class=\"elementor-widget-wrap\">\n\t\t\t\t\t\t\t\t<\/div>\n\t\t\t\t\t<\/div>\n\t\t<\/div>\n\t\t\t\t\t\t\t\t<\/div>\n\t\t\t\t\t<\/div>\n\t\t<\/section>\n\t\t\t\t<section class=\"elementor-section elementor-top-section elementor-element elementor-element-b7547e9 elementor-section-boxed elementor-section-height-default elementor-section-height-default\" data-id=\"b7547e9\" data-element_type=\"section\">\n\t\t\t\t\t\t<div class=\"elementor-container elementor-column-gap-default\">\n\t\t\t\t\t\t\t<div class=\"elementor-row\">\n\t\t\t\t\t<div class=\"elementor-column elementor-col-100 elementor-top-column elementor-element elementor-element-6277720\" data-id=\"6277720\" data-element_type=\"column\">\n\t\t\t<div class=\"elementor-column-wrap elementor-element-populated\">\n\t\t\t\t\t\t\t<div class=\"elementor-widget-wrap\">\n\t\t\t\t\t\t<div class=\"elementor-element elementor-element-a21708e elementor-widget elementor-widget-text-editor\" data-id=\"a21708e\" data-element_type=\"widget\" data-widget_type=\"text-editor.default\">\n\t\t\t\t<div class=\"elementor-widget-container\">\n\t\t\t\t\t<div class=\"elementor-text-editor elementor-clearfix\"><p>Zasady organizacji transportu publicznego w \u015awidnicy, kt\u00f3rego wykonawc\u0105 jest MPK \u015awidnica Sp. z o.o. s\u0105 okre\u015blone uchwa\u0142\u0105 XXIII\/240\/20 Rady Miasta \u015awidnicy z dnia 27 listopada 2020. Pe\u0142ny tekst uchwa\u0142y mo\u017cna przeczyta\u0107 :<\/p><\/div>\n\t\t\t\t<\/div>\n\t\t\t\t<\/div>\n\t\t\t\t\t\t<\/div>\n\t\t\t\t\t<\/div>\n\t\t<\/div>\n\t\t\t\t\t\t\t\t<\/div>\n\t\t\t\t\t<\/div>\n\t\t<\/section>\n\t\t\t\t<section class=\"elementor-section elementor-top-section elementor-element elementor-element-84fc846 elementor-section-boxed elementor-section-height-default elementor-section-height-default\" data-id=\"84fc846\" data-element_type=\"section\">\n\t\t\t\t\t\t<div class=\"elementor-container elementor-column-gap-default\">\n\t\t\t\t\t\t\t<div class=\"elementor-row\">\n\t\t\t\t\t<div class=\"elementor-column elementor-col-100 elementor-top-column elementor-element elementor-element-6574422\" data-id=\"6574422\" data-element_type=\"column\">\n\t\t\t<div class=\"elementor-column-wrap elementor-element-populated\">\n\t\t\t\t\t\t\t<div class=\"elementor-widget-wrap\">\n\t\t\t\t\t\t<div class=\"elementor-element elementor-element-fe6b32d elementor-widget elementor-widget-button\" data-id=\"fe6b32d\" data-element_type=\"widget\" data-widget_type=\"button.default\">\n\t\t\t\t<div class=\"elementor-widget-container\">\n\t\t\t\t\t<div class=\"elementor-button-wrapper\">\n\t\t\t<a href=\"https:\/\/www.mpk.swidnica.pl\/wp-content\/uploads\/2025\/04\/akt.pdf\" class=\"elementor-button-link elementor-button elementor-size-sm\" role=\"button\">\n\t\t\t\t\t\t<span class=\"elementor-button-content-wrapper\">\n\t\t\t\t\t\t<span class=\"elementor-button-text\">UCHWA\u0141A NR XI\/96\/25 z dnia 21-02-2025r<\/span>\n\t\t<\/span>\n\t\t\t\t\t<\/a>\n\t\t<\/div>\n\t\t\t\t<\/div>\n\t\t\t\t<\/div>\n\t\t\t\t\t\t<\/div>\n\t\t\t\t\t<\/div>\n\t\t<\/div>\n\t\t\t\t\t\t\t\t<\/div>\n\t\t\t\t\t<\/div>\n\t\t<\/section>\n\t\t\t\t<section class=\"elementor-section elementor-top-section elementor-element elementor-element-b32f4d2 elementor-section-boxed elementor-section-height-default elementor-section-height-default\" data-id=\"b32f4d2\" data-element_type=\"section\">\n\t\t\t\t\t\t<div class=\"elementor-container elementor-column-gap-default\">\n\t\t\t\t\t\t\t<div class=\"elementor-row\">\n\t\t\t\t\t<div class=\"elementor-column elementor-col-100 elementor-top-column elementor-element elementor-element-2706dc4\" data-id=\"2706dc4\" data-element_type=\"column\">\n\t\t\t<div class=\"elementor-column-wrap elementor-element-populated\">\n\t\t\t\t\t\t\t<div class=\"elementor-widget-wrap\">\n\t\t\t\t\t\t<div class=\"elementor-element elementor-element-dcc3649 elementor-widget elementor-widget-button\" data-id=\"dcc3649\" data-element_type=\"widget\" data-widget_type=\"button.default\">\n\t\t\t\t<div class=\"elementor-widget-container\">\n\t\t\t\t\t<div class=\"elementor-button-wrapper\">\n\t\t\t<a href=\"https:\/\/www.mpk.swidnica.pl\/wp-content\/uploads\/2025\/11\/akt.pdf\" class=\"elementor-button-link elementor-button elementor-size-sm\" role=\"button\">\n\t\t\t\t\t\t<span class=\"elementor-button-content-wrapper\">\n\t\t\t\t\t\t<span class=\"elementor-button-text\">UCHWA\u0141A NR XVII\/151\/25 z dnia 26-09-2025r<\/span>\n\t\t<\/span>\n\t\t\t\t\t<\/a>\n\t\t<\/div>\n\t\t\t\t<\/div>\n\t\t\t\t<\/div>\n\t\t\t\t\t\t<\/div>\n\t\t\t\t\t<\/div>\n\t\t<\/div>\n\t\t\t\t\t\t\t\t<\/div>\n\t\t\t\t\t<\/div>\n\t\t<\/section>\n\t\t\t\t<section class=\"elementor-section elementor-top-section elementor-element elementor-element-71f5505 elementor-section-boxed elementor-section-height-default elementor-section-height-default\" data-id=\"71f5505\" data-element_type=\"section\">\n\t\t\t\t\t\t<div class=\"elementor-container elementor-column-gap-default\">\n\t\t\t\t\t\t\t<div class=\"elementor-row\">\n\t\t\t\t\t<div class=\"elementor-column elementor-col-100 elementor-top-column elementor-element elementor-element-4e32ec9\" data-id=\"4e32ec9\" data-element_type=\"column\">\n\t\t\t<div class=\"elementor-column-wrap elementor-element-populated\">\n\t\t\t\t\t\t\t<div class=\"elementor-widget-wrap\">\n\t\t\t\t\t\t<div class=\"elementor-element elementor-element-2d690e2 elementor-widget elementor-widget-text-editor\" data-id=\"2d690e2\" data-element_type=\"widget\" data-widget_type=\"text-editor.default\">\n\t\t\t\t<div class=\"elementor-widget-container\">\n\t\t\t\t\t<div class=\"elementor-text-editor elementor-clearfix\"><p><strong>Op\u0142aty przy przewozie os\u00f3b i baga\u017cu :<\/strong><\/p><p><strong>\u00a0<\/strong><\/p><ol><li>Op\u0142ata dodatkowa za :<\/li><\/ol><ol><li>Przejazd bez wa\u017cnego biletu \u2013 <strong>190 z\u0142<\/strong><\/li><li>przejazd bez wa\u017cnego dokumentu potwierdzaj\u0105cego uprawnienia do przejazdu ulgowego, lub bezp\u0142atnego \u2013 <strong>152 z\u0142<\/strong><\/li><\/ol><ol><li>Op\u0142ata dodatkowa za zatrzymanie, lub zmian\u0119 trasy \u015brodka transportu \u2013 <strong>570 z\u0142<\/strong><\/li><li>Op\u0142aty dodatkowe ulegaj\u0105 obni\u017ceniu :<\/li><\/ol><p>&#8211; w przypadku uiszczenia bezpo\u015brednio kontroluj\u0105cemu, wysoko\u015b\u0107 op\u0142aty dodatkowej okre\u015blonej w pkc. 1 i pkc. 2, obni\u017ca si\u0119 o <strong>50%.<\/strong><\/p><p>&#8211; w przypadku uiszczenia w ci\u0105gu 7 dni od daty wystawienia dokumentu zobowi\u0105zuj\u0105cego do uiszczenia tej op\u0142aty, wysoko\u015b\u0107 op\u0142aty dodatkowej okre\u015blonej w pkc.\u00a0 1, pkc. 2 i w pkc. 3 obni\u017ca si\u0119 o <strong>30%.<\/strong><\/p><ol><li>Op\u0142ata manipulacyjna zwi\u0105zana ze zwrotem, albo umorzeniem op\u0142aty dodatkowej, wyszczeg\u00f3lnionej w punktach 1 i 2 wynosi <strong>10%<\/strong> tych op\u0142at.<\/li><\/ol><\/div>\n\t\t\t\t<\/div>\n\t\t\t\t<\/div>\n\t\t\t\t\t\t<\/div>\n\t\t\t\t\t<\/div>\n\t\t<\/div>\n\t\t\t\t\t\t\t\t<\/div>\n\t\t\t\t\t<\/div>\n\t\t<\/section>\n\t\t\t\t<section class=\"elementor-section elementor-top-section elementor-element elementor-element-815290e elementor-section-boxed elementor-section-height-default elementor-section-height-default\" data-id=\"815290e\" data-element_type=\"section\">\n\t\t\t\t\t\t<div class=\"elementor-container elementor-column-gap-default\">\n\t\t\t\t\t\t\t<div class=\"elementor-row\">\n\t\t\t\t\t<div class=\"elementor-column elementor-col-50 elementor-top-column elementor-element elementor-element-7729a37\" data-id=\"7729a37\" data-element_type=\"column\">\n\t\t\t<div class=\"elementor-column-wrap elementor-element-populated\">\n\t\t\t\t\t\t\t<div class=\"elementor-widget-wrap\">\n\t\t\t\t\t\t<div class=\"elementor-element elementor-element-c98ce8c elementor-widget elementor-widget-text-editor\" data-id=\"c98ce8c\" data-element_type=\"widget\" data-widget_type=\"text-editor.default\">\n\t\t\t\t<div class=\"elementor-widget-container\">\n\t\t\t\t\t<div class=\"elementor-text-editor elementor-clearfix\"><p><strong>Regulamin okre\u015blaj\u0105cy zasady korzystania z us\u0142ug publicznych wykonywanych przez: Miejskie Przedsi\u0119biorstwo Komunikacyjne &#8222;\u015awidnica&#8221; Sp. z o. o. przy przewozie os\u00f3b i baga\u017cu r\u0119cznego w autobusowej komunikacji miejskiej\u00a0<\/strong><\/p><\/div>\n\t\t\t\t<\/div>\n\t\t\t\t<\/div>\n\t\t\t\t\t\t<\/div>\n\t\t\t\t\t<\/div>\n\t\t<\/div>\n\t\t\t\t<div class=\"elementor-column elementor-col-50 elementor-top-column elementor-element elementor-element-8f52f6f\" data-id=\"8f52f6f\" data-element_type=\"column\">\n\t\t\t<div class=\"elementor-column-wrap elementor-element-populated\">\n\t\t\t\t\t\t\t<div class=\"elementor-widget-wrap\">\n\t\t\t\t\t\t<div class=\"elementor-element elementor-element-b0f9d1d elementor-widget elementor-widget-button\" data-id=\"b0f9d1d\" data-element_type=\"widget\" data-widget_type=\"button.default\">\n\t\t\t\t<div class=\"elementor-widget-container\">\n\t\t\t\t\t<div class=\"elementor-button-wrapper\">\n\t\t\t<a href=\"https:\/\/www.mpk.swidnica.pl\/wp-content\/uploads\/2023\/10\/Regulamin-korzystania-z-uslug-publicznych-komunikacji-publicznej.pdf\" class=\"elementor-button-link elementor-button elementor-size-sm\" role=\"button\">\n\t\t\t\t\t\t<span class=\"elementor-button-content-wrapper\">\n\t\t\t\t\t\t<span class=\"elementor-button-text\">Regulamin z dnia 21-11-2017r <\/span>\n\t\t<\/span>\n\t\t\t\t\t<\/a>\n\t\t<\/div>\n\t\t\t\t<\/div>\n\t\t\t\t<\/div>\n\t\t\t\t\t\t<\/div>\n\t\t\t\t\t<\/div>\n\t\t<\/div>\n\t\t\t\t\t\t\t\t<\/div>\n\t\t\t\t\t<\/div>\n\t\t<\/section>\n\t\t\t\t\t\t<\/div>\n\t\t\t\t\t\t<\/div>\n\t\t\t\t\t<\/div>\n\t\t","protected":false},"excerpt":{"rendered":"<p>Zasady organizacji transportu publicznego w \u015awidnicy, kt\u00f3rego wykonawc\u0105 jest MPK \u015awidnica Sp. z o.o. s\u0105 okre\u015blone uchwa\u0142\u0105 XXIII\/240\/20 Rady Miasta \u015awidnicy z dnia 27 listopada 2020. Pe\u0142ny tekst uchwa\u0142y mo\u017cna przeczyta\u0107 : UCHWA\u0141A NR XI\/96\/25 z dnia 21-02-2025r UCHWA\u0141A NR XVII\/151\/25 z dnia 26-09-2025r Op\u0142aty przy przewozie os\u00f3b i baga\u017cu : \u00a0 Op\u0142ata dodatkowa za [&hellip;]<\/p>\n","protected":false},"author":1,"featured_media":0,"parent":0,"menu_order":0,"comment_status":"closed","ping_status":"closed","template":"","meta":[],"_links":{"self":[{"href":"https:\/\/www.mpk.swidnica.pl\/index.php\/wp-json\/wp\/v2\/pages\/289"}],"collection":[{"href":"https:\/\/www.mpk.swidnica.pl\/index.php\/wp-json\/wp\/v2\/pages"}],"about":[{"href":"https:\/\/www.mpk.swidnica.pl\/index.php\/wp-json\/wp\/v2\/types\/page"}],"author":[{"embeddable":true,"href":"https:\/\/www.mpk.swidnica.pl\/index.php\/wp-json\/wp\/v2\/users\/1"}],"replies":[{"embeddable":true,"href":"https:\/\/www.mpk.swidnica.pl\/index.php\/wp-json\/wp\/v2\/comments?post=289"}],"version-history":[{"count":18,"href":"https:\/\/www.mpk.swidnica.pl\/index.php\/wp-json\/wp\/v2\/pages\/289\/revisions"}],"predecessor-version":[{"id":3184,"href":"https:\/\/www.mpk.swidnica.pl\/index.php\/wp-json\/wp\/v2\/pages\/289\/revisions\/3184"}],"wp:attachment":[{"href":"https:\/\/www.mpk.swidnica.pl\/index.php\/wp-json\/wp\/v2\/media?parent=289"}],"curies":[{"name":"wp","href":"https:\/\/api.w.org\/{rel}","templated":true}]}}